{"id":21897,"date":"2021-04-05T14:30:02","date_gmt":"2021-04-05T14:30:02","guid":{"rendered":"https:\/\/renomahotel.com\/fr\/?page_id=21897"},"modified":"2024-06-13T06:23:03","modified_gmt":"2024-06-13T06:23:03","slug":"packages","status":"publish","type":"page","link":"https:\/\/renomahotel.com\/fr\/packages\/","title":{"rendered":"FORFAITS"},"content":{"rendered":"\t\t<div data-elementor-type=\"wp-post\" data-elementor-id=\"21897\" class=\"elementor elementor-21897\" data-elementor-post-type=\"page\">\n\t\t\t\t\t\t<section class=\"elementor-section elementor-top-section elementor-element elementor-element-5623712 elementor-section-boxed elementor-section-height-default elementor-section-height-default\" data-id=\"5623712\" data-element_type=\"section\">\n\t\t\t\t\t\t<div class=\"elementor-container elementor-column-gap-default\">\n\t\t\t\t\t<div class=\"elementor-column elementor-col-100 elementor-top-column elementor-element elementor-element-110ff24\" data-id=\"110ff24\" data-element_type=\"column\">\n\t\t\t<div class=\"elementor-widget-wrap elementor-element-populated\">\n\t\t\t\t\t\t<div class=\"elementor-element elementor-element-0a9b709 elementor-widget elementor-widget-heading\" data-id=\"0a9b709\" data-element_type=\"widget\" data-widget_type=\"heading.default\">\n\t\t\t\t<div class=\"elementor-widget-container\">\n\t\t\t\t\t<h1 class=\"elementor-heading-title elementor-size-default\">FORFAITS<\/h1>\t\t\t\t<\/div>\n\t\t\t\t<\/div>\n\t\t\t\t<div class=\"elementor-element elementor-element-d7d3bf6 elementor-widget elementor-widget-text-editor\" data-id=\"d7d3bf6\" data-element_type=\"widget\" data-widget_type=\"text-editor.default\">\n\t\t\t\t<div class=\"elementor-widget-container\">\n\t\t\t\t\t\t\t\t\t<p><span style=\"font-weight: 400;\">L\u2019h\u00f4tel Renoma propose une vari\u00e9t\u00e9 d\u2019offres sp\u00e9ciales et de forfaits permettant \u00e0 nos clients de profiter au maximum de leur s\u00e9jour de luxe. Qu\u2019il s\u2019agisse de notre offre <\/span><i><span style=\"font-weight: 400;\">Suit N\u2019 Spa, <\/span><\/i><span style=\"font-weight: 400;\">de notre <\/span><i><span style=\"font-weight: 400;\">Escapade Romantique <\/span><\/i><span style=\"font-weight: 400;\">ou de notre offre <\/span><i><span style=\"font-weight: 400;\">Bouquet de la mari\u00e9e, <\/span><\/i><span style=\"font-weight: 400;\">toutes comprennent des prestations particuli\u00e8res et des services qui vous font vivre une exp\u00e9rience haut-de-gamme et de qualit\u00e9.<\/span><\/p><p><span style=\"font-weight: 400;\">Chaque forfait est \u00e9labor\u00e9 avec passion, amour et g\u00e9n\u00e9rosit\u00e9 et dans un esprit de bienveillance absolue pour nos clients. <\/span><\/p>\t\t\t\t\t\t\t\t<\/div>\n\t\t\t\t<\/div>\n\t\t\t\t\t<\/div>\n\t\t<\/div>\n\t\t\t\t\t<\/div>\n\t\t<\/section>\n\t\t\t\t<section class=\"elementor-section elementor-top-section elementor-element elementor-element-52636b6 elementor-section-full_width elementor-section-height-default elementor-section-height-default\" data-id=\"52636b6\" data-element_type=\"section\">\n\t\t\t\t\t\t<div class=\"elementor-container elementor-column-gap-default\">\n\t\t\t\t\t<div class=\"elementor-column elementor-col-33 elementor-top-column elementor-element elementor-element-9612e3f\" data-id=\"9612e3f\" data-element_type=\"column\" data-settings=\"{&quot;background_background&quot;:&quot;classic&quot;}\">\n\t\t\t<div class=\"elementor-widget-wrap elementor-element-populated\">\n\t\t\t\t\t\t<div class=\"elementor-element elementor-element-0292918 elementor-widget elementor-widget-heading\" data-id=\"0292918\" data-element_type=\"widget\" data-widget_type=\"heading.default\">\n\t\t\t\t<div class=\"elementor-widget-container\">\n\t\t\t\t\t<h2 class=\"elementor-heading-title elementor-size-default\"><a href=\"https:\/\/renomahotel.com\/fr\/blog\/bridal-package\/\">BOUQUET DE LA MARI\u00c9E<\/a><\/h2>\t\t\t\t<\/div>\n\t\t\t\t<\/div>\n\t\t\t\t\t<\/div>\n\t\t<\/div>\n\t\t\t\t<div class=\"elementor-column elementor-col-33 elementor-top-column elementor-element elementor-element-488b41b\" data-id=\"488b41b\" data-element_type=\"column\" data-settings=\"{&quot;background_background&quot;:&quot;classic&quot;}\">\n\t\t\t<div class=\"elementor-widget-wrap elementor-element-populated\">\n\t\t\t\t\t\t<div class=\"elementor-element elementor-element-e7aa955 elementor-widget elementor-widget-heading\" data-id=\"e7aa955\" data-element_type=\"widget\" data-widget_type=\"heading.default\">\n\t\t\t\t<div class=\"elementor-widget-container\">\n\t\t\t\t\t<h2 class=\"elementor-heading-title elementor-size-default\"><a href=\"https:\/\/renomahotel.com\/fr\/blog\/romantic-getaway\/\">ESCAPADE ROMANTIQUE<\/a><\/h2>\t\t\t\t<\/div>\n\t\t\t\t<\/div>\n\t\t\t\t\t<\/div>\n\t\t<\/div>\n\t\t\t\t<div class=\"elementor-column elementor-col-33 elementor-top-column elementor-element elementor-element-ed2c5a8\" data-id=\"ed2c5a8\" data-element_type=\"column\" data-settings=\"{&quot;background_background&quot;:&quot;classic&quot;}\">\n\t\t\t<div class=\"elementor-widget-wrap elementor-element-populated\">\n\t\t\t\t\t\t<div class=\"elementor-element elementor-element-c41f119 elementor-widget elementor-widget-heading\" data-id=\"c41f119\" data-element_type=\"widget\" data-widget_type=\"heading.default\">\n\t\t\t\t<div class=\"elementor-widget-container\">\n\t\t\t\t\t<h2 class=\"elementor-heading-title elementor-size-default\"><a href=\"https:\/\/renomahotel.com\/fr\/blog\/spa-package\/\">SUITE N\u2019 SPA<\/a><\/h2>\t\t\t\t<\/div>\n\t\t\t\t<\/div>\n\t\t\t\t\t<\/div>\n\t\t<\/div>\n\t\t\t\t\t<\/div>\n\t\t<\/section>\n\t\t\t\t<\/div>\n\t\t","protected":false},"excerpt":{"rendered":"<p>FORFAITS L\u2019h\u00f4tel Renoma propose une vari\u00e9t\u00e9 d\u2019offres sp\u00e9ciales et de forfaits permettant \u00e0 nos clients de profiter au maximum de leur s\u00e9jour de luxe. Qu\u2019il s\u2019agisse de notre offre Suit N\u2019 Spa, de notre Escapade Romantique ou de notre offre Bouquet de la mari\u00e9e, toutes comprennent des prestations particuli\u00e8res et des services qui vous font [&hellip;]<\/p>\n","protected":false},"author":1,"featured_media":0,"parent":0,"menu_order":0,"comment_status":"closed","ping_status":"closed","template":"","meta":{"footnotes":""},"class_list":["post-21897","page","type-page","status-publish","hentry"],"yoast_head":"<!-- This site is optimized with the Yoast SEO plugin v26.7 - https:\/\/yoast.com\/wordpress\/plugins\/seo\/ -->\n<title>FORFAITS - Renoma | H\u00f4tel-boutique &amp; Appartements de luxe \u00e0 Tel Aviv<\/title>\n<meta name=\"robots\" content=\"index, follow, max-snippet:-1, max-image-preview:large, max-video-preview:-1\" \/>\n<link rel=\"canonical\" href=\"https:\/\/renomahotel.com\/fr\/packages\/\" \/>\n<meta property=\"og:locale\" content=\"en_US\" \/>\n<meta property=\"og:type\" content=\"article\" \/>\n<meta property=\"og:title\" content=\"FORFAITS - Renoma | H\u00f4tel-boutique &amp; Appartements de luxe \u00e0 Tel Aviv\" \/>\n<meta property=\"og:description\" content=\"FORFAITS L\u2019h\u00f4tel Renoma propose une vari\u00e9t\u00e9 d\u2019offres sp\u00e9ciales et de forfaits permettant \u00e0 nos clients de profiter au maximum de leur s\u00e9jour de luxe. Qu\u2019il s\u2019agisse de notre offre Suit N\u2019 Spa, de notre Escapade Romantique ou de notre offre Bouquet de la mari\u00e9e, toutes comprennent des prestations particuli\u00e8res et des services qui vous font [&hellip;]\" \/>\n<meta property=\"og:url\" content=\"https:\/\/renomahotel.com\/fr\/packages\/\" \/>\n<meta property=\"og:site_name\" content=\"Renoma | H\u00f4tel-boutique &amp; Appartements de luxe \u00e0 Tel Aviv\" \/>\n<meta property=\"article:modified_time\" content=\"2024-06-13T06:23:03+00:00\" \/>\n<meta property=\"og:image\" content=\"https:\/\/renomahotel.com\/fr\/wp-content\/uploads\/sites\/5\/2018\/09\/2018_08_12_TRUMPELDOR-649572-1.jpg\" \/>\n\t<meta property=\"og:image:width\" content=\"1500\" \/>\n\t<meta property=\"og:image:height\" content=\"1000\" \/>\n\t<meta property=\"og:image:type\" content=\"image\/jpeg\" \/>\n<meta name=\"twitter:card\" content=\"summary_large_image\" \/>\n<meta name=\"twitter:label1\" content=\"Est. reading time\" \/>\n\t<meta name=\"twitter:data1\" content=\"1 minute\" \/>\n<script type=\"application\/ld+json\" class=\"yoast-schema-graph\">{\"@context\":\"https:\/\/schema.org\",\"@graph\":[{\"@type\":\"WebPage\",\"@id\":\"https:\/\/renomahotel.com\/fr\/packages\/\",\"url\":\"https:\/\/renomahotel.com\/fr\/packages\/\",\"name\":\"FORFAITS - Renoma | H\u00f4tel-boutique &amp; Appartements de luxe \u00e0 Tel Aviv\",\"isPartOf\":{\"@id\":\"https:\/\/renomahotel.com\/fr\/#website\"},\"datePublished\":\"2021-04-05T14:30:02+00:00\",\"dateModified\":\"2024-06-13T06:23:03+00:00\",\"breadcrumb\":{\"@id\":\"https:\/\/renomahotel.com\/fr\/packages\/#breadcrumb\"},\"inLanguage\":\"en-US\",\"potentialAction\":[{\"@type\":\"ReadAction\",\"target\":[\"https:\/\/renomahotel.com\/fr\/packages\/\"]}]},{\"@type\":\"BreadcrumbList\",\"@id\":\"https:\/\/renomahotel.com\/fr\/packages\/#breadcrumb\",\"itemListElement\":[{\"@type\":\"ListItem\",\"position\":1,\"name\":\"Home\",\"item\":\"https:\/\/renomahotel.com\/fr\/\"},{\"@type\":\"ListItem\",\"position\":2,\"name\":\"FORFAITS\"}]},{\"@type\":\"WebSite\",\"@id\":\"https:\/\/renomahotel.com\/fr\/#website\",\"url\":\"https:\/\/renomahotel.com\/fr\/\",\"name\":\"Renoma | H\u00f4tel-boutique &amp; Appartements de luxe \u00e0 Tel Aviv\",\"description\":\"\",\"potentialAction\":[{\"@type\":\"SearchAction\",\"target\":{\"@type\":\"EntryPoint\",\"urlTemplate\":\"https:\/\/renomahotel.com\/fr\/?s={search_term_string}\"},\"query-input\":{\"@type\":\"PropertyValueSpecification\",\"valueRequired\":true,\"valueName\":\"search_term_string\"}}],\"inLanguage\":\"en-US\"}]}<\/script>\n<!-- \/ Yoast SEO plugin. -->","yoast_head_json":{"title":"FORFAITS - Renoma | H\u00f4tel-boutique &amp; Appartements de luxe \u00e0 Tel Aviv","robots":{"index":"index","follow":"follow","max-snippet":"max-snippet:-1","max-image-preview":"max-image-preview:large","max-video-preview":"max-video-preview:-1"},"canonical":"https:\/\/renomahotel.com\/fr\/packages\/","og_locale":"en_US","og_type":"article","og_title":"FORFAITS - Renoma | H\u00f4tel-boutique &amp; Appartements de luxe \u00e0 Tel Aviv","og_description":"FORFAITS L\u2019h\u00f4tel Renoma propose une vari\u00e9t\u00e9 d\u2019offres sp\u00e9ciales et de forfaits permettant \u00e0 nos clients de profiter au maximum de leur s\u00e9jour de luxe. Qu\u2019il s\u2019agisse de notre offre Suit N\u2019 Spa, de notre Escapade Romantique ou de notre offre Bouquet de la mari\u00e9e, toutes comprennent des prestations particuli\u00e8res et des services qui vous font [&hellip;]","og_url":"https:\/\/renomahotel.com\/fr\/packages\/","og_site_name":"Renoma | H\u00f4tel-boutique &amp; Appartements de luxe \u00e0 Tel Aviv","article_modified_time":"2024-06-13T06:23:03+00:00","og_image":[{"width":1500,"height":1000,"url":"https:\/\/renomahotel.com\/fr\/wp-content\/uploads\/sites\/5\/2018\/09\/2018_08_12_TRUMPELDOR-649572-1.jpg","type":"image\/jpeg"}],"twitter_card":"summary_large_image","twitter_misc":{"Est. reading time":"1 minute"},"schema":{"@context":"https:\/\/schema.org","@graph":[{"@type":"WebPage","@id":"https:\/\/renomahotel.com\/fr\/packages\/","url":"https:\/\/renomahotel.com\/fr\/packages\/","name":"FORFAITS - Renoma | H\u00f4tel-boutique &amp; Appartements de luxe \u00e0 Tel Aviv","isPartOf":{"@id":"https:\/\/renomahotel.com\/fr\/#website"},"datePublished":"2021-04-05T14:30:02+00:00","dateModified":"2024-06-13T06:23:03+00:00","breadcrumb":{"@id":"https:\/\/renomahotel.com\/fr\/packages\/#breadcrumb"},"inLanguage":"en-US","potentialAction":[{"@type":"ReadAction","target":["https:\/\/renomahotel.com\/fr\/packages\/"]}]},{"@type":"BreadcrumbList","@id":"https:\/\/renomahotel.com\/fr\/packages\/#breadcrumb","itemListElement":[{"@type":"ListItem","position":1,"name":"Home","item":"https:\/\/renomahotel.com\/fr\/"},{"@type":"ListItem","position":2,"name":"FORFAITS"}]},{"@type":"WebSite","@id":"https:\/\/renomahotel.com\/fr\/#website","url":"https:\/\/renomahotel.com\/fr\/","name":"Renoma | H\u00f4tel-boutique &amp; Appartements de luxe \u00e0 Tel Aviv","description":"","potentialAction":[{"@type":"SearchAction","target":{"@type":"EntryPoint","urlTemplate":"https:\/\/renomahotel.com\/fr\/?s={search_term_string}"},"query-input":{"@type":"PropertyValueSpecification","valueRequired":true,"valueName":"search_term_string"}}],"inLanguage":"en-US"}]}},"_links":{"self":[{"href":"https:\/\/renomahotel.com\/fr\/wp-json\/wp\/v2\/pages\/21897","targetHints":{"allow":["GET"]}}],"collection":[{"href":"https:\/\/renomahotel.com\/fr\/wp-json\/wp\/v2\/pages"}],"about":[{"href":"https:\/\/renomahotel.com\/fr\/wp-json\/wp\/v2\/types\/page"}],"author":[{"embeddable":true,"href":"https:\/\/renomahotel.com\/fr\/wp-json\/wp\/v2\/users\/1"}],"replies":[{"embeddable":true,"href":"https:\/\/renomahotel.com\/fr\/wp-json\/wp\/v2\/comments?post=21897"}],"version-history":[{"count":14,"href":"https:\/\/renomahotel.com\/fr\/wp-json\/wp\/v2\/pages\/21897\/revisions"}],"predecessor-version":[{"id":22231,"href":"https:\/\/renomahotel.com\/fr\/wp-json\/wp\/v2\/pages\/21897\/revisions\/22231"}],"wp:attachment":[{"href":"https:\/\/renomahotel.com\/fr\/wp-json\/wp\/v2\/media?parent=21897"}],"curies":[{"name":"wp","href":"https:\/\/api.w.org\/{rel}","templated":true}]}}